{"id":275,"date":"2020-01-21T10:25:11","date_gmt":"2020-01-21T03:25:11","guid":{"rendered":"http:\/\/reikivietnam.org\/wordpress\/?page_id=275"},"modified":"2021-06-10T18:36:18","modified_gmt":"2021-06-10T11:36:18","slug":"tai-tai-lieu","status":"publish","type":"page","link":"https:\/\/reikivietnam.org\/?page_id=275","title":{"rendered":"Mi\u1ec5n tr\u1eeb tr\u00e1ch nhi\u1ec7m"},"content":{"rendered":"\n<p><strong>Tuy\u00ean b\u1ed1 mi\u1ec5n tr\u1eeb tr\u00e1ch nhi\u1ec7m:&nbsp;<\/strong>Website n\u00e0y kh\u00f4ng nh\u1eb1m m\u1ee5c \u0111\u00edch cung c\u1ea5p v\u00e0 kh\u00f4ng c\u1ea5u th\u00e0nh l\u1eddi khuy\u00ean v\u1ec1 y t\u1ebf, ph\u00e1p l\u00fd ho\u1eb7c chuy\u00ean m\u00f4n kh\u00e1c. N\u1ed9i dung tr\u00ean&nbsp;<a rel=\"noreferrer noopener\" href=\"http:\/\/www.reikihealing.vn\/\" target=\"_blank\"><\/a><a href=\"https:\/\/reikivietnam.org\/wordpress\/\">www.reikivietnam.org<\/a>&nbsp;\u0111\u01b0\u1ee3c nh\u1eb1m m\u1ee5c \u0111\u00edch \u0111\u1ec3 h\u1ed7 tr\u1ee3 ch\u1ee9 kh\u00f4ng thay th\u1ebf \u0111i\u1ec1u tr\u1ecb y t\u1ebf ho\u1eb7c t\u00e2m th\u1ea7n.<em> <\/em><\/p>\n\n\n\n<p>\u00dd t\u01b0\u1edfng v\u00e0 k\u1ef9 thu\u1eadt \u0111\u01b0\u1ee3c m\u00f4 t\u1ea3 trong website n\u00e0y l\u00e0 d\u00e0nh cho ng\u01b0\u1eddi mu\u1ed1n t\u00ecm hi\u1ec3u Reiki v\u00e0 s\u1ef1 tr\u01b0\u1edfng th\u00e0nh t\u00e2m linh. Ch\u00fang kh\u00f4ng \u0111\u01b0\u1ee3c ng\u1ee5 \u00fd l\u00e0 h\u01b0\u1edbng d\u1eabn \u0111\u1ed9c l\u1eadp cho vi\u1ec7c ch\u1eefa b\u1ec7nh. Ch\u00fang ch\u1ec9 l\u00e0 nh\u1eefng g\u1ee3i \u00fd \u0111\u1ec3 c\u00e1c b\u1ea1n c\u00f3 c\u00e1i nh\u00ecn s\u00e2u h\u01a1n v\u00e0o nh\u1eefng t\u1ea7ng n\u0103ng l\u01b0\u1ee3ng v\u00e0 \u00fd th\u1ee9c bao quanh con ng\u01b0\u1eddi \u0111\u1ec3 c\u00f3 th\u1ec3 hi\u1ec3u th\u00eam v\u1ec1 b\u1ea3n th\u00e2n m\u00ecnh v\u00e0 s\u1eed d\u1ee5ng m\u1ecdi s\u1ef1 h\u1ed7 tr\u1ee3 c\u1ee7a to\u00e0n th\u1ec3 s\u1ef1 t\u1ed3n t\u1ea1i \u0111\u1ec3 ch\u1eefa l\u00e0nh v\u00e0 tr\u01b0\u1edfng th\u00e0nh v\u1ec1 t\u00e2m th\u1ee9c.<\/p>\n\n\n\n<p>N\u1ebfu b\u1ea1n c\u00f3 ho\u00e0n c\u1ea3nh s\u1ee9c kh\u1ecfe v\u00e0 ngh\u0129 r\u1eb1ng b\u1ea1n c\u00f3 th\u1ec3 b\u1ecb b\u1ec7nh, xin vui l\u00f2ng t\u00ecm ki\u1ebfm s\u1ef1 ch\u0103m s\u00f3c chuy\u00ean nghi\u1ec7p t\u1eeb c\u00e1c b\u00e1c s\u0129 v\u00e0 ng\u01b0\u1eddi ch\u0103m s\u00f3c s\u1ee9c kho\u1ebb chuy\u00ean nghi\u1ec7p.<\/p>\n\n\n\n<p><\/p>\n","protected":false},"excerpt":{"rendered":"<p>Tuy\u00ean b\u1ed1 mi\u1ec5n tr\u1eeb tr\u00e1ch nhi\u1ec7m:&nbsp;Website n\u00e0y kh\u00f4ng nh\u1eb1m m\u1ee5c \u0111\u00edch cung c\u1ea5p v\u00e0 kh\u00f4ng c\u1ea5u th\u00e0nh l\u1eddi khuy\u00ean v\u1ec1 y t\u1ebf, ph\u00e1p l\u00fd ho\u1eb7c &hellip; <\/p>\n","protected":false},"author":2,"featured_media":0,"parent":0,"menu_order":0,"comment_status":"closed","ping_status":"closed","template":"","meta":{"footnotes":""},"class_list":["post-275","page","type-page","status-publish","hentry"],"_links":{"self":[{"href":"https:\/\/reikivietnam.org\/index.php?rest_route=\/wp\/v2\/pages\/275","targetHints":{"allow":["GET"]}}],"collection":[{"href":"https:\/\/reikivietnam.org\/index.php?rest_route=\/wp\/v2\/pages"}],"about":[{"href":"https:\/\/reikivietnam.org\/index.php?rest_route=\/wp\/v2\/types\/page"}],"author":[{"embeddable":true,"href":"https:\/\/reikivietnam.org\/index.php?rest_route=\/wp\/v2\/users\/2"}],"replies":[{"embeddable":true,"href":"https:\/\/reikivietnam.org\/index.php?rest_route=%2Fwp%2Fv2%2Fcomments&post=275"}],"version-history":[{"count":6,"href":"https:\/\/reikivietnam.org\/index.php?rest_route=\/wp\/v2\/pages\/275\/revisions"}],"predecessor-version":[{"id":1538,"href":"https:\/\/reikivietnam.org\/index.php?rest_route=\/wp\/v2\/pages\/275\/revisions\/1538"}],"wp:attachment":[{"href":"https:\/\/reikivietnam.org\/index.php?rest_route=%2Fwp%2Fv2%2Fmedia&parent=275"}],"curies":[{"name":"wp","href":"https:\/\/api.w.org\/{rel}","templated":true}]}}